{"id":19,"date":"2024-03-04T10:43:58","date_gmt":"2024-03-04T10:43:58","guid":{"rendered":"https:\/\/hansenmek.no\/wordpress\/?page_id=19"},"modified":"2024-03-06T06:49:02","modified_gmt":"2024-03-06T06:49:02","slug":"hansen-hjem","status":"publish","type":"page","link":"https:\/\/hansenmek.no\/","title":{"rendered":"Velkommen"},"content":{"rendered":"\n<p><strong>Hansen Mekaniske AS er en allsidig akt\u00f8r innen mekanisk produksjon og reparasjon.<\/strong><\/p>\n\n\n\n<p><strong>Med v\u00e5r store maskinpark og kompetanse, er vi i stand til \u00e5 v\u00e6re totalleverand\u00f8r for mange av v\u00e5re kunder.<\/strong><\/p>\n\n\n\n<p><strong>Ved \u00e5 bruke oss f\u00e5r du levert kvalitet til avtalt tid. <\/strong><\/p>\n\n\n\n<div class=\"wp-block-cover alignfull\" style=\"padding-top:4vw;padding-right:4vw;padding-bottom:4vw;padding-left:4vw;min-height:357px;aspect-ratio:unset;\"><span aria-hidden=\"true\" class=\"wp-block-cover__background has-black-background-color has-background-dim-100 has-background-dim\"><\/span><div class=\"wp-block-cover__inner-container is-layout-flow wp-block-cover-is-layout-flow\"><div class=\"wp-block-image\">\n<figure class=\"aligncenter size-full is-resized\"><img loading=\"lazy\" decoding=\"async\" width=\"1987\" height=\"639\" src=\"https:\/\/hansenmek.no\/wordpress\/wp-content\/uploads\/2024\/03\/Panel-speilpolert.jpg\" alt=\"\" class=\"wp-image-92\" style=\"width:1176px;height:auto\" srcset=\"https:\/\/hansenmek.no\/wp-content\/uploads\/2024\/03\/Panel-speilpolert.jpg 1987w, https:\/\/hansenmek.no\/wp-content\/uploads\/2024\/03\/Panel-speilpolert-300x96.jpg 300w, https:\/\/hansenmek.no\/wp-content\/uploads\/2024\/03\/Panel-speilpolert-1024x329.jpg 1024w, https:\/\/hansenmek.no\/wp-content\/uploads\/2024\/03\/Panel-speilpolert-768x247.jpg 768w, https:\/\/hansenmek.no\/wp-content\/uploads\/2024\/03\/Panel-speilpolert-1536x494.jpg 1536w\" sizes=\"auto, (max-width: 1987px) 100vw, 1987px\" \/><\/figure>\n<\/div><\/div><\/div>\n\n\n\n<div style=\"height:100px\" aria-hidden=\"true\" class=\"wp-block-spacer\"><\/div>\n\n\n\n<p><\/p>\n\n\n\n<div class=\"wp-block-group alignfull\"><div class=\"wp-block-group__inner-container is-layout-constrained wp-block-group-is-layout-constrained\">\n<p><strong>Formium<\/strong><\/p>\n\n\n\n<p>Siden 2005 har vi produsert mange st\u00f8rre skulpturer for Formium som best\u00e5r av kunstnerne Turid Uldal og Gita S. Norheim. De lager store utend\u00f8rs kunstprosjekter, ofte med litt uvanlige vinklinger. Det er interessant for oss \u00e5 oss \u00e5 kombinere v\u00e5r tekniske kunnskap med deres klare visuelle uttrykksform. Bilder av&nbsp;<a href=\"http:\/\/www.formium.no\/\">skulpturer til offentlig rom<\/a>&nbsp; finner du p\u00e5 kunstnernes nettside.<\/p>\n\n\n\n<p>&nbsp;<strong>Gjenskinn Gravminne<\/strong><\/p>\n\n\n\n<p>Vi produserer gravminner i syrefast st\u00e5l for Gjenskinn Gravminne AS. Et nytenkende firma som lager vakre gravminner med ornamenter og rom til lys. De lager ogs\u00e5 st\u00f8rre monumenter til minnelunder. Se mer om<a href=\"http:\/\/gravminne.org\/\">&nbsp;gravminner med lys<\/a>, og&nbsp;<a href=\"http:\/\/gravminne.org\/minnelund.htm\">monumenter til minnelund<\/a>&nbsp;p\u00e5 deres nettside.<\/p>\n<\/div><\/div>\n","protected":false},"excerpt":{"rendered":"<p>Hansen Mekaniske AS er en allsidig akt\u00f8r innen mekanisk produksjon og reparasjon. Med v\u00e5r store maskinpark og kompetanse, er vi i stand til \u00e5 v\u00e6re totalleverand\u00f8r for mange av v\u00e5re &#8230;<\/p>\n","protected":false},"author":1,"featured_media":0,"parent":0,"menu_order":0,"comment_status":"closed","ping_status":"closed","template":"","meta":{"footnotes":""},"class_list":["post-19","page","type-page","status-publish","hentry"],"_links":{"self":[{"href":"https:\/\/hansenmek.no\/index.php?rest_route=\/wp\/v2\/pages\/19","targetHints":{"allow":["GET"]}}],"collection":[{"href":"https:\/\/hansenmek.no\/index.php?rest_route=\/wp\/v2\/pages"}],"about":[{"href":"https:\/\/hansenmek.no\/index.php?rest_route=\/wp\/v2\/types\/page"}],"author":[{"embeddable":true,"href":"https:\/\/hansenmek.no\/index.php?rest_route=\/wp\/v2\/users\/1"}],"replies":[{"embeddable":true,"href":"https:\/\/hansenmek.no\/index.php?rest_route=%2Fwp%2Fv2%2Fcomments&post=19"}],"version-history":[{"count":27,"href":"https:\/\/hansenmek.no\/index.php?rest_route=\/wp\/v2\/pages\/19\/revisions"}],"predecessor-version":[{"id":125,"href":"https:\/\/hansenmek.no\/index.php?rest_route=\/wp\/v2\/pages\/19\/revisions\/125"}],"wp:attachment":[{"href":"https:\/\/hansenmek.no\/index.php?rest_route=%2Fwp%2Fv2%2Fmedia&parent=19"}],"curies":[{"name":"wp","href":"https:\/\/api.w.org\/{rel}","templated":true}]}}