{"id":37,"date":"2024-03-01T13:14:56","date_gmt":"2024-03-01T13:14:56","guid":{"rendered":"https:\/\/hansenmek.no\/wordpress\/?page_id=37"},"modified":"2026-03-07T10:42:15","modified_gmt":"2026-03-07T10:42:15","slug":"tjenester","status":"publish","type":"page","link":"https:\/\/hansenmek.no\/?page_id=37","title":{"rendered":"Tjenester"},"content":{"rendered":"\n<p><strong>Vannskj\u00e6ring<\/strong><\/p>\n\n\n\n<div class=\"wp-block-columns is-layout-flex wp-container-core-columns-is-layout-9d6595d7 wp-block-columns-is-layout-flex\">\n<div class=\"wp-block-column is-layout-flow wp-block-column-is-layout-flow\" style=\"flex-basis:33.33%\">\n<figure class=\"wp-block-image size-full\"><img loading=\"lazy\" decoding=\"async\" width=\"977\" height=\"800\" src=\"https:\/\/hansenmek.no\/wordpress\/wp-content\/uploads\/2024\/03\/kimtech-stor.jpg\" alt=\"\" class=\"wp-image-143\" srcset=\"https:\/\/hansenmek.no\/wp-content\/uploads\/2024\/03\/kimtech-stor.jpg 977w, https:\/\/hansenmek.no\/wp-content\/uploads\/2024\/03\/kimtech-stor-300x246.jpg 300w, https:\/\/hansenmek.no\/wp-content\/uploads\/2024\/03\/kimtech-stor-768x629.jpg 768w\" sizes=\"auto, (max-width: 977px) 100vw, 977px\" \/><\/figure>\n\n\n\n<figure class=\"wp-block-gallery has-nested-images columns-default is-cropped wp-block-gallery-1 is-layout-flex wp-block-gallery-is-layout-flex\">\n<figure class=\"wp-block-image size-full\"><a href=\"https:\/\/youtu.be\/_yWgZDT9gM0?si=zlO7kAGx3NmYh9Wv\"><img decoding=\"async\" data-id=\"201\" src=\"https:\/\/hansenmek.no\/wp-content\/uploads\/2024\/03\/video-e1772879401101.jpg\" alt=\"\" class=\"wp-image-201\"\/><\/a><\/figure>\n<\/figure>\n<\/div>\n\n\n\n<div class=\"wp-block-column is-layout-flow wp-block-column-is-layout-flow\" style=\"flex-basis:66.66%\">\n<p>Vi har drevet med vannskj\u00e6ring siden 2001, og var f\u00f8rst med \u00e5 tilby dette i Bergen.<\/p>\n\n\n\n<p>Fordelen med vannskj\u00e6ring er at det ikke oppst\u00e5r spenninger eller strukturendringer i materialet som skj\u00e6res. N\u00f8yaktigheten er stor selv p\u00e5 tykke plater. Det blir minimalt med grader og etterbehandling.<\/p>\n\n\n\n<p>V\u00e5rt skj\u00e6rebord har et skj\u00e6reomr\u00e5de p\u00e5 3000&#215;1500 mm ved 5-akset skj\u00e6ring, og 4200&#215;2100 mm ved 3-akset skj\u00e6ring. Det kan skj\u00e6res plater i opp til 160 mm tykkelse.<\/p>\n\n\n\n<p>Vi kan tilby hjelp til \u00e5 konstruere deler i Gems, Fusion 360 eller Solid Works, eller kunde kan sende ferdige tegninger til oss som vi kan konvertere til skj\u00e6reprogram. Det er ogs\u00e5 mulig \u00e5 komme med en mal som vi kan tegne av.<\/p>\n\n\n\n<p>Ta kontakt med oss og vi kan gi pris p\u00e5 delene De \u00f8nsker \u00e5 f\u00e5 skj\u00e6rt. Deres foresp\u00f8rsel vil bli viet den st\u00f8rste oppmerksomhet.<\/p>\n<\/div>\n<\/div>\n\n\n\n<p><strong>Sveising<\/strong><\/p>\n\n\n\n<div class=\"wp-block-columns is-layout-flex wp-container-core-columns-is-layout-9d6595d7 wp-block-columns-is-layout-flex\">\n<div class=\"wp-block-column is-layout-flow wp-block-column-is-layout-flow\" style=\"flex-basis:33.33%\">\n<figure class=\"wp-block-image size-large\"><img loading=\"lazy\" decoding=\"async\" width=\"1024\" height=\"768\" src=\"https:\/\/hansenmek.no\/wordpress\/wp-content\/uploads\/2024\/03\/Sveiserobot-1024x768.jpg\" alt=\"\" class=\"wp-image-147\" srcset=\"https:\/\/hansenmek.no\/wp-content\/uploads\/2024\/03\/Sveiserobot-1024x768.jpg 1024w, https:\/\/hansenmek.no\/wp-content\/uploads\/2024\/03\/Sveiserobot-300x225.jpg 300w, https:\/\/hansenmek.no\/wp-content\/uploads\/2024\/03\/Sveiserobot-768x576.jpg 768w, https:\/\/hansenmek.no\/wp-content\/uploads\/2024\/03\/Sveiserobot-1536x1152.jpg 1536w, https:\/\/hansenmek.no\/wp-content\/uploads\/2024\/03\/Sveiserobot-2048x1536.jpg 2048w\" sizes=\"auto, (max-width: 1024px) 100vw, 1024px\" \/><\/figure>\n<\/div>\n\n\n\n<div class=\"wp-block-column is-layout-flow wp-block-column-is-layout-flow\" style=\"flex-basis:66.66%\">\n<p>I desember 2022 utvider vi v\u00e5r maskinpark med en sveiserobot. Roboten har en kraftig manipulator som kan snu rundt p\u00e5 store deler, og&nbsp;er skreddersydd til v\u00e5rt behov for \u00e5 kunne utf\u00f8re oppgaver innen et stort spekter.<\/p>\n\n\n\n<p>Sveising p\u00e5 v\u00e5rt verksted skjer hovedsakelig med v\u00e5re pulsmig sveiseapparater<br>Med disse apparatene kan vi sveise st\u00e5l, rustfritt st\u00e5l, aluminium og messing.<\/p>\n\n\n\n<p>Vi har ogs\u00e5 TIG-sveiseapparat som vi bruker til tynnplate- og r\u00f8rsveising.<br>Sveiseprosessen er tidkrevende, men gir likevel overlegne resultater i mange tilfeller.<\/p>\n<\/div>\n<\/div>\n\n\n\n<p><strong>Maskinering<\/strong><\/p>\n\n\n\n<div class=\"wp-block-columns is-layout-flex wp-container-core-columns-is-layout-9d6595d7 wp-block-columns-is-layout-flex\">\n<div class=\"wp-block-column is-layout-flow wp-block-column-is-layout-flow\" style=\"flex-basis:33.33%\">\n<figure class=\"wp-block-image size-full\"><img loading=\"lazy\" decoding=\"async\" width=\"507\" height=\"436\" src=\"https:\/\/hansenmek.no\/wordpress\/wp-content\/uploads\/2024\/03\/Quaser_mv154.jpg\" alt=\"\" class=\"wp-image-150\" srcset=\"https:\/\/hansenmek.no\/wp-content\/uploads\/2024\/03\/Quaser_mv154.jpg 507w, https:\/\/hansenmek.no\/wp-content\/uploads\/2024\/03\/Quaser_mv154-300x258.jpg 300w\" sizes=\"auto, (max-width: 507px) 100vw, 507px\" \/><\/figure>\n<\/div>\n\n\n\n<div class=\"wp-block-column is-layout-flow wp-block-column-is-layout-flow\" style=\"flex-basis:66.66%\">\n<p>I 2013 utvidet vi maskinparken v\u00e5r med et Okuma dreiesenter. Fra f\u00f8r har vi et Quaser maskineringssenter, og kan p\u00e5ta&nbsp;oss komplette maskineringsoppdrag. <\/p>\n\n\n\n<p>V\u00e5r erfarne operat\u00f8r er behjelpelig med \u00e5 finne en l\u00f8sning p\u00e5 oppdraget Deres. <\/p>\n\n\n\n<p>Vi im\u00f8teser Deres foresp\u00f8rsel, og gir Dem om \u00f8nskelig en fast pris p\u00e5 oppdraget.<\/p>\n<\/div>\n<\/div>\n\n\n\n<p><strong>Plateknekking<\/strong><\/p>\n\n\n\n<div class=\"wp-block-columns is-layout-flex wp-container-core-columns-is-layout-9d6595d7 wp-block-columns-is-layout-flex\">\n<div class=\"wp-block-column is-layout-flow wp-block-column-is-layout-flow\" style=\"flex-basis:33.33%\">\n<figure class=\"wp-block-image size-large\"><img loading=\"lazy\" decoding=\"async\" width=\"922\" height=\"1024\" src=\"https:\/\/hansenmek.no\/wordpress\/wp-content\/uploads\/2024\/03\/Knekking-trapp-liten-922x1024.jpg\" alt=\"\" class=\"wp-image-153\" srcset=\"https:\/\/hansenmek.no\/wp-content\/uploads\/2024\/03\/Knekking-trapp-liten-922x1024.jpg 922w, https:\/\/hansenmek.no\/wp-content\/uploads\/2024\/03\/Knekking-trapp-liten-270x300.jpg 270w, https:\/\/hansenmek.no\/wp-content\/uploads\/2024\/03\/Knekking-trapp-liten-768x853.jpg 768w, https:\/\/hansenmek.no\/wp-content\/uploads\/2024\/03\/Knekking-trapp-liten-1384x1536.jpg 1384w, https:\/\/hansenmek.no\/wp-content\/uploads\/2024\/03\/Knekking-trapp-liten-1845x2048.jpg 1845w\" sizes=\"auto, (max-width: 922px) 100vw, 922px\" \/><\/figure>\n<\/div>\n\n\n\n<div class=\"wp-block-column is-layout-flow wp-block-column-is-layout-flow\" style=\"flex-basis:66.66%\">\n<p>Kantpressen har styrt Y1, Y2, X1, X2, Z1, Z2, R1 og R2-akse. F\u00f8r knekking kan det kj\u00f8res simulering av knekkesteppene p\u00e5 grafikkskjerm.<\/p>\n\n\n\n<p>Presskraften er p\u00e5 150 tonn. Knekkelengden er 3100 mm. Med det verkt\u00f8yet vi har pr. i dag kan vi knekke opp til og med 10 mm plate (AISI 316)<\/p>\n\n\n\n<p><\/p>\n<\/div>\n<\/div>\n\n\n\n<p><strong>Design<\/strong><\/p>\n\n\n\n<div class=\"wp-block-columns is-layout-flex wp-container-core-columns-is-layout-9d6595d7 wp-block-columns-is-layout-flex\">\n<div class=\"wp-block-column is-layout-flow wp-block-column-is-layout-flow\" style=\"flex-basis:33.33%\">\n<figure class=\"wp-block-image size-large\"><img loading=\"lazy\" decoding=\"async\" width=\"961\" height=\"1024\" src=\"https:\/\/hansenmek.no\/wordpress\/wp-content\/uploads\/2024\/03\/Solid-W-liten-961x1024.jpg\" alt=\"\" class=\"wp-image-154\" srcset=\"https:\/\/hansenmek.no\/wp-content\/uploads\/2024\/03\/Solid-W-liten-961x1024.jpg 961w, https:\/\/hansenmek.no\/wp-content\/uploads\/2024\/03\/Solid-W-liten-282x300.jpg 282w, https:\/\/hansenmek.no\/wp-content\/uploads\/2024\/03\/Solid-W-liten-768x818.jpg 768w, https:\/\/hansenmek.no\/wp-content\/uploads\/2024\/03\/Solid-W-liten.jpg 1230w\" sizes=\"auto, (max-width: 961px) 100vw, 961px\" \/><\/figure>\n<\/div>\n\n\n\n<div class=\"wp-block-column is-layout-flow wp-block-column-is-layout-flow\" style=\"flex-basis:66.66%\">\n<p>Vi benytter Solid Works og Fusion 360 for design og utpr\u00f8ving av produkter. \u00c5 benytte 3d cad for konstruksjon av produkter er etter hvert blitt en n\u00f8dvendighet for \u00e5 kunne tilby produkter som virker fra dag 1. Tegningene som tas ut gir oss ogs\u00e5 en mer kvalitetssikret produksjon der produktets form blir mer tydelig .<\/p>\n\n\n\n<p>Sp\u00f8r oss gjerne om vi kan tilpasse og pr\u00f8ve ut produktet ditt.<\/p>\n<\/div>\n<\/div>\n\n\n\n<p><strong>Overflatesliping\/avgrading<\/strong><\/p>\n\n\n\n<div class=\"wp-block-columns is-layout-flex wp-container-core-columns-is-layout-9d6595d7 wp-block-columns-is-layout-flex\">\n<div class=\"wp-block-column is-layout-flow wp-block-column-is-layout-flow\" style=\"flex-basis:33.33%\">\n<figure class=\"wp-block-image size-large\"><img loading=\"lazy\" decoding=\"async\" width=\"1024\" height=\"768\" src=\"https:\/\/hansenmek.no\/wordpress\/wp-content\/uploads\/2024\/03\/Borste_slipemaskin-1024x768.jpg\" alt=\"\" class=\"wp-image-155\" srcset=\"https:\/\/hansenmek.no\/wp-content\/uploads\/2024\/03\/Borste_slipemaskin-1024x768.jpg 1024w, https:\/\/hansenmek.no\/wp-content\/uploads\/2024\/03\/Borste_slipemaskin-300x225.jpg 300w, https:\/\/hansenmek.no\/wp-content\/uploads\/2024\/03\/Borste_slipemaskin-768x576.jpg 768w, https:\/\/hansenmek.no\/wp-content\/uploads\/2024\/03\/Borste_slipemaskin-1536x1152.jpg 1536w, https:\/\/hansenmek.no\/wp-content\/uploads\/2024\/03\/Borste_slipemaskin-2048x1536.jpg 2048w\" sizes=\"auto, (max-width: 1024px) 100vw, 1024px\" \/><\/figure>\n<\/div>\n\n\n\n<div class=\"wp-block-column is-layout-flow wp-block-column-is-layout-flow\" style=\"flex-basis:66.66%\">\n<p>Vi har maskiner for sliping, avgrading og b\u00f8rsting av overflater og kanter p\u00e5 plater og profiler.<\/p>\n\n\n\n<p>Vi har ogs\u00e5 muligheter for \u00e5 avgrade deler i vibrasjonstrommel.<\/p>\n<\/div>\n<\/div>\n","protected":false},"excerpt":{"rendered":"<p>Vannskj\u00e6ring Vi har drevet med vannskj\u00e6ring siden 2001, og var f\u00f8rst med \u00e5 tilby dette i Bergen. Fordelen med vannskj\u00e6ring er at det ikke oppst\u00e5r spenninger eller strukturendringer i materialet &#8230;<\/p>\n","protected":false},"author":1,"featured_media":0,"parent":0,"menu_order":0,"comment_status":"closed","ping_status":"closed","template":"","meta":{"footnotes":""},"class_list":["post-37","page","type-page","status-publish","hentry"],"_links":{"self":[{"href":"https:\/\/hansenmek.no\/index.php?rest_route=\/wp\/v2\/pages\/37","targetHints":{"allow":["GET"]}}],"collection":[{"href":"https:\/\/hansenmek.no\/index.php?rest_route=\/wp\/v2\/pages"}],"about":[{"href":"https:\/\/hansenmek.no\/index.php?rest_route=\/wp\/v2\/types\/page"}],"author":[{"embeddable":true,"href":"https:\/\/hansenmek.no\/index.php?rest_route=\/wp\/v2\/users\/1"}],"replies":[{"embeddable":true,"href":"https:\/\/hansenmek.no\/index.php?rest_route=%2Fwp%2Fv2%2Fcomments&post=37"}],"version-history":[{"count":13,"href":"https:\/\/hansenmek.no\/index.php?rest_route=\/wp\/v2\/pages\/37\/revisions"}],"predecessor-version":[{"id":229,"href":"https:\/\/hansenmek.no\/index.php?rest_route=\/wp\/v2\/pages\/37\/revisions\/229"}],"wp:attachment":[{"href":"https:\/\/hansenmek.no\/index.php?rest_route=%2Fwp%2Fv2%2Fmedia&parent=37"}],"curies":[{"name":"wp","href":"https:\/\/api.w.org\/{rel}","templated":true}]}}