{"id":46,"date":"2024-03-01T13:31:08","date_gmt":"2024-03-01T13:31:08","guid":{"rendered":"https:\/\/hansenmek.no\/wordpress\/?page_id=46"},"modified":"2026-03-07T09:59:53","modified_gmt":"2026-03-07T09:59:53","slug":"historikk","status":"publish","type":"page","link":"https:\/\/hansenmek.no\/?page_id=46","title":{"rendered":"Historikk"},"content":{"rendered":"\n<figure class=\"wp-block-gallery has-nested-images columns-default is-cropped wp-block-gallery-1 is-layout-flex wp-block-gallery-is-layout-flex\">\n<figure class=\"wp-block-image size-full\"><img loading=\"lazy\" decoding=\"async\" width=\"955\" height=\"346\" data-id=\"134\" src=\"https:\/\/hansenmek.no\/wp-content\/uploads\/2024\/03\/hansen-historie.jpg\" alt=\"\" class=\"wp-image-134\" srcset=\"https:\/\/hansenmek.no\/wp-content\/uploads\/2024\/03\/hansen-historie.jpg 955w, https:\/\/hansenmek.no\/wp-content\/uploads\/2024\/03\/hansen-historie-300x109.jpg 300w, https:\/\/hansenmek.no\/wp-content\/uploads\/2024\/03\/hansen-historie-768x278.jpg 768w\" sizes=\"auto, (max-width: 955px) 100vw, 955px\" \/><\/figure>\n<\/figure>\n\n\n\n<p>Hansen Mek. AS ble stiftet i 1997, men har sin opprinnelse lengre tilbake.<\/p>\n\n\n\n<p>Det startet med at Nils Johannes Hansen (i midten p\u00e5 bildet) etter flere \u00e5r som maskinist og mekaniker etablerte egen virksomhet i 1942. Firmaet het da Nils J. Hansen &amp; S\u00f8n. Eldste s\u00f8nnen Hagbarth var med fra starten av og etter hvert kom ogs\u00e5 s\u00f8nnene Einar og Willy inn i bedriften.<\/p>\n\n\n\n<p>&nbsp;De f\u00f8rste lokalene l\u00e5 i Strandgaten 42 i Bergen sentrum, men virksomheten m\u00e5tte flytte til Strandgaten 76 etter en dramatisk bombing i 1944. Lokalet som var 65 m2 ligger ytterst i det som er g\u00e5gate i dag.<\/p>\n\n\n\n<p>De f\u00f8rste \u00e5rene var det reparasjon av b\u00e5tmotorer som var hovedgeskjeften. Etter hvert gikk det mer over p\u00e5 reparasjoner av trykkerimaskiner, kaffebrennerier, landbruksmaskiner og viftemotorer.&nbsp;<\/p>\n\n\n\n<p>Da Nils d\u00f8de i 1965 fortsatte Hagbarth og Willy driften. Den gang var det 10 ansatte og det meste av arbeidet var servicearbeid som ble utf\u00f8rt hos kunder. I 1968 kj\u00f8pte Hagbarth og Willy opp et smedverksted i Sverresgate og flyttet bedriften hit. Disse lokalene var p\u00e5 200 m2, noe somt var et stort fremskritt den gangen.&nbsp;<\/p>\n\n\n\n<p>P\u00e5 begynnelsen av 80-tallet var det 7 ansatte. Hagbarths s\u00f8nner Arild og Hagbarth jr. og Willys s\u00f8nn Tore var blant de ansatte. De st\u00f8rste kundene var Felleskj\u00f8pet og Bergen Kommune, fortsatt var det servicearbeid som var hovedgeskjeften.<\/p>\n\n\n\n<figure class=\"wp-block-gallery has-nested-images columns-default is-cropped wp-block-gallery-2 is-layout-flex wp-block-gallery-is-layout-flex\">\n<figure class=\"wp-block-image size-full\"><img loading=\"lazy\" decoding=\"async\" width=\"955\" height=\"317\" data-id=\"135\" src=\"https:\/\/hansenmek.no\/wp-content\/uploads\/2024\/03\/musikkpaviljongen.jpg\" alt=\"\" class=\"wp-image-135\" srcset=\"https:\/\/hansenmek.no\/wp-content\/uploads\/2024\/03\/musikkpaviljongen.jpg 955w, https:\/\/hansenmek.no\/wp-content\/uploads\/2024\/03\/musikkpaviljongen-300x100.jpg 300w, https:\/\/hansenmek.no\/wp-content\/uploads\/2024\/03\/musikkpaviljongen-768x255.jpg 768w\" sizes=\"auto, (max-width: 955px) 100vw, 955px\" \/><\/figure>\n<\/figure>\n\n\n\n<p>I 1982 ble det enighet om at de skulle fortsette hver for seg. Willy Hansen kj\u00f8pte da tomt p\u00e5 Kokstad Industriomr\u00e5de og etablerte Willy Hansen Mek. AS.<\/p>\n\n\n\n<p>I 1983 var det innflytting i nye lokaler i Kokstadveien 50. Virksomheten hadde n\u00e5 290 m2 med verksted og kontor, og store utearealer. Flyttingen medf\u00f8rte at en fikk nye kunder som offshorevirksomheter, hoteller og andre selskaper i n\u00e6rheten. Bedriften gikk mer i retning av \u00e5 bli en produksjonsbedrift, men fortsatt var det en del servicearbeid. P\u00e5 det meste talte firmaet 8 ansatte.<\/p>\n\n\n\n<p>I 1995 kom Tore tilbake til firmaet etter \u00e5 ha tatt ingeni\u00f8rutdannelse, samt jobbet et par \u00e5r hos det som i dag er Bergen Engines p\u00e5 Hordvikneset. Etter et par \u00e5r begynte ogs\u00e5 yngste s\u00f8nn Per Christian fast i firmaet, etter ingeni\u00f8rh\u00f8yskolen.<\/p>\n\n\n\n<p>I 1997 valgte s\u00e5 Willy og la de yngre krefter ta over, og Tore og Per Christian etablerte Hansen Mek. AS. Willy fortsatte i firmaet noen \u00e5r til og hadde i 1999 ansvaret for st\u00e5larbeidet under restaurering av musikkpaviljongen i Bergen(se bilde over). Det ble iverksatt store investeringer i maskiner i starten, bl.a. kantpresse og platesaks.&nbsp;<\/p>\n\n\n\n<p>Tidlig i 2001 ble et nytt vannskj\u00e6rebord satt i drift. Dette var det f\u00f8rste i Bergen og det \u00e5pnet opp for mange nye kunder. N\u00e5 gikk bedriften enda mer i retning produksjon og utearbeidet bestod for det meste av monteringsarbeid. I l\u00f8pet av \u00e5rene p\u00e5 Kokstad hadde Willy bygget p\u00e5 industribygget flere ganger, og det kom godt med n\u00e5. Behovet for lagerplass vokste. Samtidig ble det innsett at firmaet ville trenge mer plass selv om lokalene n\u00e5 var p\u00e5 ca. 500 m2. Det f\u00f8rte til at Willy solgte bygget i 2005.<\/p>\n\n\n\n<p>Leiekontrakten l\u00f8p frem til 2010, men h\u00f8sten 2008 var tiden overmoden for flytting. Det endte med flytting til Espehaugen der vi er i dag og r\u00e5der over 1050 m2. Vi er n\u00e5 7 heltidsansatte.<\/p>\n\n\n\n<figure class=\"wp-block-gallery has-nested-images columns-default is-cropped wp-block-gallery-3 is-layout-flex wp-block-gallery-is-layout-flex\">\n<figure class=\"wp-block-image size-large\"><img loading=\"lazy\" decoding=\"async\" width=\"1024\" height=\"576\" data-id=\"212\" src=\"https:\/\/hansenmek.no\/wp-content\/uploads\/2025\/02\/V3_1-1024x576.jpg\" alt=\"\" class=\"wp-image-212\" srcset=\"https:\/\/hansenmek.no\/wp-content\/uploads\/2025\/02\/V3_1-1024x576.jpg 1024w, https:\/\/hansenmek.no\/wp-content\/uploads\/2025\/02\/V3_1-300x169.jpg 300w, https:\/\/hansenmek.no\/wp-content\/uploads\/2025\/02\/V3_1-768x432.jpg 768w, https:\/\/hansenmek.no\/wp-content\/uploads\/2025\/02\/V3_1-1536x864.jpg 1536w, https:\/\/hansenmek.no\/wp-content\/uploads\/2025\/02\/V3_1.jpg 1920w\" sizes=\"auto, (max-width: 1024px) 100vw, 1024px\" \/><\/figure>\n<\/figure>\n\n\n\n<div style=\"height:0px\" aria-hidden=\"true\" class=\"wp-block-spacer\"><\/div>\n\n\n\n<p>Etter \u00e5 ha holdt p\u00e5 i over 20 \u00e5r med \u00e5 f\u00e5 tillatelser til nybygg p\u00e5 Kokstad, kom endelig grunnarbeider i gang i mars 2026. Planen er \u00e5 flytte bedriften til nye lokaler i f\u00f8rste kvartal 2027. Dette vil gi oss etterlengtet mulighet til \u00e5 f\u00e5 en bedre flyt i v\u00e5re prosesser, og mer effektiv drift.<\/p>\n","protected":false},"excerpt":{"rendered":"<p>Hansen Mek. AS ble stiftet i 1997, men har sin opprinnelse lengre tilbake. Det startet med at Nils Johannes Hansen (i midten p\u00e5 bildet) etter flere \u00e5r som maskinist og &#8230;<\/p>\n","protected":false},"author":1,"featured_media":0,"parent":0,"menu_order":0,"comment_status":"closed","ping_status":"closed","template":"","meta":{"footnotes":""},"class_list":["post-46","page","type-page","status-publish","hentry"],"_links":{"self":[{"href":"https:\/\/hansenmek.no\/index.php?rest_route=\/wp\/v2\/pages\/46","targetHints":{"allow":["GET"]}}],"collection":[{"href":"https:\/\/hansenmek.no\/index.php?rest_route=\/wp\/v2\/pages"}],"about":[{"href":"https:\/\/hansenmek.no\/index.php?rest_route=\/wp\/v2\/types\/page"}],"author":[{"embeddable":true,"href":"https:\/\/hansenmek.no\/index.php?rest_route=\/wp\/v2\/users\/1"}],"replies":[{"embeddable":true,"href":"https:\/\/hansenmek.no\/index.php?rest_route=%2Fwp%2Fv2%2Fcomments&post=46"}],"version-history":[{"count":8,"href":"https:\/\/hansenmek.no\/index.php?rest_route=\/wp\/v2\/pages\/46\/revisions"}],"predecessor-version":[{"id":220,"href":"https:\/\/hansenmek.no\/index.php?rest_route=\/wp\/v2\/pages\/46\/revisions\/220"}],"wp:attachment":[{"href":"https:\/\/hansenmek.no\/index.php?rest_route=%2Fwp%2Fv2%2Fmedia&parent=46"}],"curies":[{"name":"wp","href":"https:\/\/api.w.org\/{rel}","templated":true}]}}